{"id":640,"date":"2022-11-15T14:46:53","date_gmt":"2022-11-15T13:46:53","guid":{"rendered":"https:\/\/dominiquejorge.fr\/?page_id=640"},"modified":"2022-11-25T15:53:06","modified_gmt":"2022-11-25T14:53:06","slug":"artwork","status":"publish","type":"page","link":"https:\/\/dominiquejorge.fr\/index.php\/artwork\/","title":{"rendered":"Artwork"},"content":{"rendered":"\n<p>Fruit d&rsquo;un travail de 18 mois, l&rsquo;album <strong>LEAP INTO THE VOID<\/strong> actuellement jou\u00e9 sur sc\u00e8ne est conceptuel. Il illustre les diff\u00e9rentes \u00e9tapes de la vie, de la naissance au grand \u00e2ge, et a fait l&rsquo;objet d&rsquo;un artwork particulier pour donner plus de sens aux 9 morceaux qui le composent.<\/p>\n\n\n\n<div style=\"height:39px\" aria-hidden=\"true\" class=\"wp-block-spacer\"><\/div>\n\n\n\n<div class=\"wp-block-media-text alignwide is-stacked-on-mobile\" style=\"grid-template-columns:40% auto\"><figure class=\"wp-block-media-text__media\"><img loading=\"lazy\" decoding=\"async\" width=\"2475\" height=\"2475\" src=\"http:\/\/dominiquejorge.fr\/wp-content\/uploads\/2022\/11\/00.jpg\" alt=\"\" class=\"wp-image-641 size-full\"\/><\/figure><div class=\"wp-block-media-text__content\">\n<p class=\"has-medium-font-size\">Disponible \u00e0 l&rsquo;\u00e9coute et au t\u00e9l\u00e9chargement <a href=\"https:\/\/www.jamendo.com\/album\/499962\/d-o-iii\" target=\"_blank\" rel=\"noreferrer noopener\">ici<\/a><\/p>\n<\/div><\/div>\n\n\n\n<div class=\"wp-block-media-text alignwide has-media-on-the-right is-stacked-on-mobile\" style=\"grid-template-columns:auto 40%\"><figure class=\"wp-block-media-text__media\"><img loading=\"lazy\" decoding=\"async\" width=\"2475\" height=\"2475\" src=\"http:\/\/dominiquejorge.fr\/wp-content\/uploads\/2022\/11\/01.jpg\" alt=\"\" class=\"wp-image-642 size-full\"\/><\/figure><div class=\"wp-block-media-text__content\">\n<p class=\"has-medium-font-size\">Faire na\u00eetre un enfant n&rsquo;est pas suffisant, il faut aussi le mettre au monde.<\/p>\n\n\n\n<p class=\"has-small-font-size\">Boris CYRULNIK<\/p>\n<\/div><\/div>\n\n\n\n<div class=\"wp-block-media-text alignwide is-stacked-on-mobile\" style=\"grid-template-columns:40% auto\"><figure class=\"wp-block-media-text__media\"><img loading=\"lazy\" decoding=\"async\" width=\"2475\" height=\"2475\" src=\"http:\/\/dominiquejorge.fr\/wp-content\/uploads\/2022\/11\/02.jpg\" alt=\"\" class=\"wp-image-643 size-full\"\/><\/figure><div class=\"wp-block-media-text__content\">\n<p class=\"has-medium-font-size\">Tout l&rsquo;art d&rsquo;enseigner se r\u00e9sume \u00e0 \u00e9veiller la curiosit\u00e9 naturelle des jeunes esprits.<\/p>\n\n\n\n<p class=\"has-small-font-size\">Anatole FRANCE<\/p>\n<\/div><\/div>\n\n\n\n<div class=\"wp-block-media-text alignwide has-media-on-the-right is-stacked-on-mobile\" style=\"grid-template-columns:auto 40%\"><figure class=\"wp-block-media-text__media\"><img loading=\"lazy\" decoding=\"async\" width=\"2475\" height=\"2475\" src=\"http:\/\/dominiquejorge.fr\/wp-content\/uploads\/2022\/11\/03.jpg\" alt=\"\" class=\"wp-image-644 size-full\"\/><\/figure><div class=\"wp-block-media-text__content\">\n<p class=\"has-medium-font-size\">La maladie de l&rsquo;adolescence est de ne pas savoir ce que l&rsquo;on veut et de le vouloir cependant \u00e0 tout prix&#8230;<\/p>\n\n\n\n<p class=\"has-small-font-size\">Philippe SOLLERS<\/p>\n<\/div><\/div>\n\n\n\n<div class=\"wp-block-media-text alignwide is-stacked-on-mobile\" style=\"grid-template-columns:40% auto\"><figure class=\"wp-block-media-text__media\"><img loading=\"lazy\" decoding=\"async\" width=\"2475\" height=\"2475\" src=\"http:\/\/dominiquejorge.fr\/wp-content\/uploads\/2022\/11\/04.jpg\" alt=\"\" class=\"wp-image-645 size-full\"\/><\/figure><div class=\"wp-block-media-text__content\">\n<p class=\"has-medium-font-size\">Ce n&rsquo;\u00e9tait que cela l&rsquo;\u00e2ge adulte : l&rsquo;enfance moins l&rsquo;esp\u00e9rance.<\/p>\n\n\n\n<p class=\"has-small-font-size\">Jean-Guy RENS<\/p>\n<\/div><\/div>\n\n\n\n<div class=\"wp-block-media-text alignwide has-media-on-the-right is-stacked-on-mobile\" style=\"grid-template-columns:auto 40%\"><figure class=\"wp-block-media-text__media\"><img loading=\"lazy\" decoding=\"async\" width=\"2475\" height=\"2475\" src=\"http:\/\/dominiquejorge.fr\/wp-content\/uploads\/2022\/11\/05.jpg\" alt=\"\" class=\"wp-image-646 size-full\"\/><\/figure><div class=\"wp-block-media-text__content\">\n<p class=\"has-medium-font-size\">Ne vous imaginez pas que l&rsquo;amour, pour \u00eatre vrai, doit \u00eatre extraordinaire.<\/p>\n\n\n\n<p class=\"has-small-font-size\">M\u00e8re T\u00e9r\u00e9sa<\/p>\n<\/div><\/div>\n\n\n\n<div class=\"wp-block-media-text alignwide is-stacked-on-mobile\" style=\"grid-template-columns:40% auto\"><figure class=\"wp-block-media-text__media\"><img loading=\"lazy\" decoding=\"async\" width=\"2475\" height=\"2475\" src=\"http:\/\/dominiquejorge.fr\/wp-content\/uploads\/2022\/11\/06.jpg\" alt=\"\" class=\"wp-image-647 size-full\"\/><\/figure><div class=\"wp-block-media-text__content\">\n<p class=\"has-medium-font-size\">Si j&rsquo;ai un enfant, c&rsquo;est comme si je disais : je suis n\u00e9, j&rsquo;ai go\u00fbt\u00e9 \u00e0 la vie et j&rsquo;ai constat\u00e9 qu&rsquo;elle est si bonne qu&rsquo;elle m\u00e9rite d&rsquo;\u00eatre multipli\u00e9e.<\/p>\n\n\n\n<p class=\"has-small-font-size\">Milan KUNDERA<\/p>\n<\/div><\/div>\n\n\n\n<div class=\"wp-block-media-text alignwide has-media-on-the-right is-stacked-on-mobile\" style=\"grid-template-columns:auto 40%\"><figure class=\"wp-block-media-text__media\"><img loading=\"lazy\" decoding=\"async\" width=\"2475\" height=\"2475\" src=\"http:\/\/dominiquejorge.fr\/wp-content\/uploads\/2022\/11\/07.jpg\" alt=\"\" class=\"wp-image-648 size-full\"\/><\/figure><div class=\"wp-block-media-text__content\">\n<p class=\"has-medium-font-size\">La vie, c&rsquo;est le train, ce n&rsquo;est pas la gare.<\/p>\n\n\n\n<p class=\"has-small-font-size\">Paulo COELHO<\/p>\n<\/div><\/div>\n\n\n\n<div class=\"wp-block-media-text alignwide is-stacked-on-mobile\" style=\"grid-template-columns:40% auto\"><figure class=\"wp-block-media-text__media\"><img loading=\"lazy\" decoding=\"async\" width=\"2475\" height=\"2475\" src=\"http:\/\/dominiquejorge.fr\/wp-content\/uploads\/2022\/11\/08.jpg\" alt=\"\" class=\"wp-image-649 size-full\"\/><\/figure><div class=\"wp-block-media-text__content\">\n<p class=\"has-medium-font-size\">Le dramatique de la vieillesse, ce n&rsquo;est pas qu&rsquo;on se fait vieux, c&rsquo;est qu&rsquo;on reste jeune.<\/p>\n\n\n\n<p class=\"has-small-font-size\">Oscar WILDE<\/p>\n<\/div><\/div>\n\n\n\n<div class=\"wp-block-media-text alignwide has-media-on-the-right is-stacked-on-mobile\" style=\"grid-template-columns:auto 40%\"><figure class=\"wp-block-media-text__media\"><img loading=\"lazy\" decoding=\"async\" width=\"2475\" height=\"2475\" src=\"http:\/\/dominiquejorge.fr\/wp-content\/uploads\/2022\/11\/09.jpg\" alt=\"\" class=\"wp-image-650 size-full\"\/><\/figure><div class=\"wp-block-media-text__content\">\n<p class=\"has-medium-font-size\">Invoquer sa post\u00e9rit\u00e9, c&rsquo;est faire un discours aux asticots.<\/p>\n\n\n\n<p class=\"has-small-font-size\">Louis-Ferdinand CELINE<\/p>\n<\/div><\/div>\n\n\n\n<p style=\"font-size:9px\">Photos by Avi Chomotovski, Alejandro Leon, Peter Skitterians, Klaus Frahm, J\u00fcrgen, Mocah, Ren\u00e9 Rauschenberger, Bess Hamiti, Christine Engelhardt, Rama for \u00ab\u00a0Mus\u00e9e Baud\u00a0\u00bb<\/p>\n","protected":false},"excerpt":{"rendered":"<p>Fruit d&rsquo;un travail de 18 mois, l&rsquo;album LEAP INTO THE VOID actuellement jou\u00e9 sur sc\u00e8ne est conceptuel. Il illustre les diff\u00e9rentes \u00e9tapes de la vie, de la naissance au grand \u00e2ge, et a fait l&rsquo;objet d&rsquo;un artwork particulier pour donner plus de sens aux 9 morceaux qui le composent. Disponible \u00e0 l&rsquo;\u00e9coute et au t\u00e9l\u00e9chargement &hellip; <\/p>\n<p class=\"link-more\"><a href=\"https:\/\/dominiquejorge.fr\/index.php\/artwork\/\" class=\"more-link\">Continue reading<span class=\"screen-reader-text\"> \u00ab\u00a0Artwork\u00a0\u00bb<\/span><\/a><\/p>\n","protected":false},"author":1,"featured_media":0,"parent":0,"menu_order":0,"comment_status":"closed","ping_status":"closed","template":"","meta":{"footnotes":""},"class_list":["post-640","page","type-page","status-publish","hentry"],"_links":{"self":[{"href":"https:\/\/dominiquejorge.fr\/index.php\/wp-json\/wp\/v2\/pages\/640","targetHints":{"allow":["GET"]}}],"collection":[{"href":"https:\/\/dominiquejorge.fr\/index.php\/wp-json\/wp\/v2\/pages"}],"about":[{"href":"https:\/\/dominiquejorge.fr\/index.php\/wp-json\/wp\/v2\/types\/page"}],"author":[{"embeddable":true,"href":"https:\/\/dominiquejorge.fr\/index.php\/wp-json\/wp\/v2\/users\/1"}],"replies":[{"embeddable":true,"href":"https:\/\/dominiquejorge.fr\/index.php\/wp-json\/wp\/v2\/comments?post=640"}],"version-history":[{"count":13,"href":"https:\/\/dominiquejorge.fr\/index.php\/wp-json\/wp\/v2\/pages\/640\/revisions"}],"predecessor-version":[{"id":671,"href":"https:\/\/dominiquejorge.fr\/index.php\/wp-json\/wp\/v2\/pages\/640\/revisions\/671"}],"wp:attachment":[{"href":"https:\/\/dominiquejorge.fr\/index.php\/wp-json\/wp\/v2\/media?parent=640"}],"curies":[{"name":"wp","href":"https:\/\/api.w.org\/{rel}","templated":true}]}}