{"id":446,"date":"2021-04-16T16:05:10","date_gmt":"2021-04-16T14:05:10","guid":{"rendered":"http:\/\/dominiquejorge.fr\/?page_id=446"},"modified":"2025-03-31T15:23:57","modified_gmt":"2025-03-31T13:23:57","slug":"puzzle-est-paru","status":"publish","type":"page","link":"https:\/\/dominiquejorge.fr\/index.php\/puzzle-est-paru\/","title":{"rendered":"\u00ab\u00a0Puzzle\u00a0\u00bb est \u00e9dit\u00e9"},"content":{"rendered":"\n<p>Toute la presse litt\u00e9raire en bruissait depuis un moment, promis aux arcanes de la gloire PUZZLE a \u00e9t\u00e9 \u00e9dit\u00e9 en 2016 \ud83d\ude42<\/p>\n\n\n<div class=\"wp-block-image\">\n<figure class=\"aligncenter is-resized\"><a href=\"http:\/\/www.thebookedition.com\/fr\/puzzle-p-344459.html\" target=\"_blank\" rel=\"noreferrer noopener\"><img loading=\"lazy\" decoding=\"async\" width=\"724\" height=\"1024\" src=\"http:\/\/dominiquejorge.fr\/wp-content\/uploads\/2016\/10\/Puzzle_apercu-724x1024.jpg\" alt=\"puzzle_apercu\" class=\"wp-image-146\" style=\"width:252px;height:357px\" srcset=\"https:\/\/dominiquejorge.fr\/wp-content\/uploads\/2016\/10\/Puzzle_apercu-724x1024.jpg 724w, https:\/\/dominiquejorge.fr\/wp-content\/uploads\/2016\/10\/Puzzle_apercu-212x300.jpg 212w, https:\/\/dominiquejorge.fr\/wp-content\/uploads\/2016\/10\/Puzzle_apercu.jpg 750w\" sizes=\"auto, (max-width: 724px) 100vw, 724px\" \/><\/a><\/figure><\/div>\n\n\n<hr class=\"wp-block-separator has-css-opacity\"\/>\n\n\n\n<p class=\"has-text-align-center\">Vous pouvez l&rsquo;acheter en ligne <a rel=\"noreferrer noopener\" href=\"http:\/\/www.thebookedition.com\/fr\/puzzle-p-344459.html\" target=\"_blank\"><strong>en cliquant ICI<\/strong><\/a>&#8230;<\/p>\n\n\n\n<hr class=\"wp-block-separator has-css-opacity\"\/>\n\n\n\n<p>Ce projet, d\u00e9marr\u00e9 sur le principe de nouvelles juxtapos\u00e9es, est devenu avec le temps et les hasards&nbsp;de l&rsquo;\u00e9criture, <strong>un ensemble coh\u00e9rent qui comprend un d\u00e9but, un milieu et une fin<\/strong>. La r\u00e9currence des personnages principaux a aussi particip\u00e9 \u00e0 cette solidification.<\/p>\n\n\n\n<p>Il a aussi \u00e9volu\u00e9 dans le style. Le principe de d\u00e9part \u00e9tait de revisiter <strong>pour les enfants<\/strong> les grands classiques du fantastique : l&rsquo;homme invisible, la maison hant\u00e9e, la t\u00e9l\u00e9portation ou bien encore le mythe du triangle des Bermudes. L&rsquo;\u00e9criture des premi\u00e8res nouvelles \u00e9tait donc voulue \u00ab\u00a0simple et accessible\u00a0\u00bb. Et puis les histoires se sont densifi\u00e9es, elles sont devenues plus punchy et leur style s&rsquo;est affirm\u00e9 pour devenir transg\u00e9n\u00e9rationnel.<br>De fait, le r\u00e9sultat est appr\u00e9ci\u00e9 \u00e0 la fois par les enfants ET par les adultes.<\/p>\n\n\n\n<p>Voici le&nbsp;pitch qui figure en quatri\u00e8me de couverture :<\/p>\n\n\n\n<p>\u00ab\u00a0<em>Un quotidien travers\u00e9 par le fantastique, des \u00e9pisodes juxtapos\u00e9s qui semblent vouloir ne faire qu&rsquo;une seule histoire et trois enfants qui cherchent \u00e0 comprendre pourquoi tout cela leur arrive\u2026 \u00e0 eux seuls&nbsp;!<\/em><br><em>A moins que ce ne soit une aventure qui les emporte plus loin dans la vie&#8230; ou bien une qu\u00eate initiatique.<\/em><br><em>Les pi\u00e8ces du puzzle se mettront-elles un jour en place ?<\/em><br><em>Par ces nouvelles qui deviennent petit \u00e0 petit un roman, PUZZLE ne s\u2019adresse pas \u00e0 une tranche d\u2019\u00e2ge particuli\u00e8re, mais \u00e0 tous ceux qui ont r\u00eav\u00e9 un jour de fuir leur ordinaire.<\/em><br><em>A lire \u00e0 une ou plusieurs voix\u00a0\u00bb.<\/em><\/p>\n\n\n\n<div style=\"height:50px\" aria-hidden=\"true\" class=\"wp-block-spacer\"><\/div>\n\n\n\n<p class=\"has-text-align-center\">PUZZLE est disponible chez<\/p>\n\n\n<div class=\"wp-block-image\">\n<figure class=\"aligncenter\"><a href=\"http:\/\/www.thebookedition.com\/fr\/puzzle-p-344459.html\" target=\"_blank\" rel=\"noreferrer noopener\"><img loading=\"lazy\" decoding=\"async\" width=\"300\" height=\"82\" src=\"http:\/\/dominiquejorge.fr\/wp-content\/uploads\/2016\/10\/logo-thebookedition-276x89-HD-300x82.jpg\" alt=\"logo-thebookedition-276x89-hd\" class=\"wp-image-147\" srcset=\"https:\/\/dominiquejorge.fr\/wp-content\/uploads\/2016\/10\/logo-thebookedition-276x89-HD-300x82.jpg 300w, https:\/\/dominiquejorge.fr\/wp-content\/uploads\/2016\/10\/logo-thebookedition-276x89-HD-768x210.jpg 768w, https:\/\/dominiquejorge.fr\/wp-content\/uploads\/2016\/10\/logo-thebookedition-276x89-HD-1024x280.jpg 1024w\" sizes=\"auto, (max-width: 300px) 100vw, 300px\" \/><\/a><\/figure><\/div>","protected":false},"excerpt":{"rendered":"<p>Toute la presse litt\u00e9raire en bruissait depuis un moment, promis aux arcanes de la gloire PUZZLE a \u00e9t\u00e9 \u00e9dit\u00e9 en 2016 \ud83d\ude42 Vous pouvez l&rsquo;acheter en ligne en cliquant ICI&#8230; Ce projet, d\u00e9marr\u00e9 sur le principe de nouvelles juxtapos\u00e9es, est devenu avec le temps et les hasards&nbsp;de l&rsquo;\u00e9criture, un ensemble coh\u00e9rent qui comprend un d\u00e9but, &hellip; <\/p>\n<p class=\"link-more\"><a href=\"https:\/\/dominiquejorge.fr\/index.php\/puzzle-est-paru\/\" class=\"more-link\">Continue reading<span class=\"screen-reader-text\"> \u00ab\u00a0\u00ab\u00a0Puzzle\u00a0\u00bb est \u00e9dit\u00e9\u00a0\u00bb<\/span><\/a><\/p>\n","protected":false},"author":1,"featured_media":0,"parent":0,"menu_order":0,"comment_status":"closed","ping_status":"closed","template":"","meta":{"footnotes":""},"class_list":["post-446","page","type-page","status-publish","hentry"],"_links":{"self":[{"href":"https:\/\/dominiquejorge.fr\/index.php\/wp-json\/wp\/v2\/pages\/446","targetHints":{"allow":["GET"]}}],"collection":[{"href":"https:\/\/dominiquejorge.fr\/index.php\/wp-json\/wp\/v2\/pages"}],"about":[{"href":"https:\/\/dominiquejorge.fr\/index.php\/wp-json\/wp\/v2\/types\/page"}],"author":[{"embeddable":true,"href":"https:\/\/dominiquejorge.fr\/index.php\/wp-json\/wp\/v2\/users\/1"}],"replies":[{"embeddable":true,"href":"https:\/\/dominiquejorge.fr\/index.php\/wp-json\/wp\/v2\/comments?post=446"}],"version-history":[{"count":16,"href":"https:\/\/dominiquejorge.fr\/index.php\/wp-json\/wp\/v2\/pages\/446\/revisions"}],"predecessor-version":[{"id":713,"href":"https:\/\/dominiquejorge.fr\/index.php\/wp-json\/wp\/v2\/pages\/446\/revisions\/713"}],"wp:attachment":[{"href":"https:\/\/dominiquejorge.fr\/index.php\/wp-json\/wp\/v2\/media?parent=446"}],"curies":[{"name":"wp","href":"https:\/\/api.w.org\/{rel}","templated":true}]}}