{"id":377,"date":"2021-04-14T16:02:05","date_gmt":"2021-04-14T14:02:05","guid":{"rendered":"http:\/\/dominiquejorge.fr\/?page_id=377"},"modified":"2025-11-26T12:38:24","modified_gmt":"2025-11-26T11:38:24","slug":"concerts","status":"publish","type":"page","link":"https:\/\/dominiquejorge.fr\/index.php\/concerts\/","title":{"rendered":"Concerts"},"content":{"rendered":"\n<p>En esp\u00e9rant vous retrouver bient\u00f4t sur les sc\u00e8nes r\u00e9gionales !<\/p>\n\n\n\n<blockquote class=\"wp-block-quote has-small-font-size is-layout-flow wp-block-quote-is-layout-flow\">\n<p>&#8211; le 26 juin 2025 : concert priv\u00e9 \u00e0 <strong>Reims <\/strong>(association)<br>&#8211; le 7 septembre 2024 : \u00e0 <strong>l&rsquo;Entrep\u00f4t<\/strong><\/p>\n\n\n\n<p>&#8211; le 7 juin 2024 : dans le cadre de <strong>Pocket Show<\/strong><\/p>\n\n\n\n<p>&#8211; le 3 mars 2023 : concert au profit de l&rsquo;association Les Fourberies des Patelins (<strong>Branscourt<\/strong>)<br>&#8211; le 31 d\u00e9cembre 2022 : <strong>Puisieulx<\/strong><\/p>\n\n\n\n<p>&#8211; le 23 novembre 2022 : soir\u00e9e caritative (contre le cancer) organis\u00e9e par le R\u00e9seau Entreprendre<\/p>\n\n\n\n<p>&#8211; le 24 juin 2022 \u00e0 <strong>Serzy-et-Prin<\/strong>.<\/p>\n<\/blockquote>\n\n\n\n<div style=\"height:66px\" aria-hidden=\"true\" class=\"wp-block-spacer\"><\/div>\n\n\n\n<p class=\"has-text-align-center has-medium-font-size\">&gt; Fiche technique pour les organisateurs<\/p>\n\n\n<div class=\"wp-block-image is-resized\">\n<figure class=\"aligncenter size-full\"><a href=\"http:\/\/dominiquejorge.fr\/wp-content\/uploads\/2022\/09\/FT.pdf\" target=\"_blank\" rel=\"noopener\"><img loading=\"lazy\" decoding=\"async\" width=\"200\" height=\"229\" src=\"http:\/\/dominiquejorge.fr\/wp-content\/uploads\/2022\/05\/Icone-PDF.png\" alt=\"\" class=\"wp-image-540\" style=\"width:78px\"\/><\/a><\/figure><\/div>\n\n\n<p class=\"has-text-align-center has-medium-font-size\">&gt; Book de pr\u00e9sentation<\/p>\n\n\n<div class=\"wp-block-image is-resized\">\n<figure class=\"aligncenter size-full\"><a href=\"http:\/\/dominiquejorge.fr\/wp-content\/uploads\/2022\/11\/Presentation.pdf\" target=\"_blank\" rel=\"noopener\"><img loading=\"lazy\" decoding=\"async\" width=\"200\" height=\"229\" src=\"http:\/\/dominiquejorge.fr\/wp-content\/uploads\/2022\/05\/Icone-PDF.png\" alt=\"\" class=\"wp-image-540\" style=\"width:78px;height:auto\"\/><\/a><\/figure><\/div>\n\n\n<p><\/p>\n","protected":false},"excerpt":{"rendered":"<p>En esp\u00e9rant vous retrouver bient\u00f4t sur les sc\u00e8nes r\u00e9gionales ! &#8211; le 26 juin 2025 : concert priv\u00e9 \u00e0 Reims (association)&#8211; le 7 septembre 2024 : \u00e0 l&rsquo;Entrep\u00f4t &#8211; le 7 juin 2024 : dans le cadre de Pocket Show &#8211; le 3 mars 2023 : concert au profit de l&rsquo;association Les Fourberies des Patelins &hellip; <\/p>\n<p class=\"link-more\"><a href=\"https:\/\/dominiquejorge.fr\/index.php\/concerts\/\" class=\"more-link\">Continue reading<span class=\"screen-reader-text\"> \u00ab\u00a0Concerts\u00a0\u00bb<\/span><\/a><\/p>\n","protected":false},"author":1,"featured_media":0,"parent":0,"menu_order":0,"comment_status":"closed","ping_status":"closed","template":"","meta":{"footnotes":""},"class_list":["post-377","page","type-page","status-publish","hentry"],"_links":{"self":[{"href":"https:\/\/dominiquejorge.fr\/index.php\/wp-json\/wp\/v2\/pages\/377","targetHints":{"allow":["GET"]}}],"collection":[{"href":"https:\/\/dominiquejorge.fr\/index.php\/wp-json\/wp\/v2\/pages"}],"about":[{"href":"https:\/\/dominiquejorge.fr\/index.php\/wp-json\/wp\/v2\/types\/page"}],"author":[{"embeddable":true,"href":"https:\/\/dominiquejorge.fr\/index.php\/wp-json\/wp\/v2\/users\/1"}],"replies":[{"embeddable":true,"href":"https:\/\/dominiquejorge.fr\/index.php\/wp-json\/wp\/v2\/comments?post=377"}],"version-history":[{"count":27,"href":"https:\/\/dominiquejorge.fr\/index.php\/wp-json\/wp\/v2\/pages\/377\/revisions"}],"predecessor-version":[{"id":728,"href":"https:\/\/dominiquejorge.fr\/index.php\/wp-json\/wp\/v2\/pages\/377\/revisions\/728"}],"wp:attachment":[{"href":"https:\/\/dominiquejorge.fr\/index.php\/wp-json\/wp\/v2\/media?parent=377"}],"curies":[{"name":"wp","href":"https:\/\/api.w.org\/{rel}","templated":true}]}}