{"id":375,"date":"2021-04-14T16:01:09","date_gmt":"2021-04-14T14:01:09","guid":{"rendered":"http:\/\/dominiquejorge.fr\/?page_id=375"},"modified":"2025-11-26T11:38:25","modified_gmt":"2025-11-26T10:38:25","slug":"photos","status":"publish","type":"page","link":"https:\/\/dominiquejorge.fr\/index.php\/photos\/","title":{"rendered":"Images &#038; vid\u00e9os"},"content":{"rendered":"\n<p class=\"has-medium-font-size\">&gt;  Quelques photos<\/p>\n\n\n\n<div style=\"height:19px\" aria-hidden=\"true\" class=\"wp-block-spacer\"><\/div>\n\n\n\n<figure class=\"wp-block-gallery has-nested-images columns-default is-cropped wp-block-gallery-1 is-layout-flex wp-block-gallery-is-layout-flex\">\n<figure class=\"wp-block-image size-large\"><img loading=\"lazy\" decoding=\"async\" width=\"3000\" height=\"4000\" data-id=\"553\" src=\"http:\/\/dominiquejorge.fr\/wp-content\/uploads\/2022\/05\/Photo.jpg\" alt=\"\" class=\"wp-image-553\"\/><\/figure>\n\n\n\n<figure class=\"wp-block-image size-large\"><img loading=\"lazy\" decoding=\"async\" width=\"4000\" height=\"3000\" data-id=\"550\" src=\"http:\/\/dominiquejorge.fr\/wp-content\/uploads\/2022\/05\/20220505_181723.jpg\" alt=\"\" class=\"wp-image-550\"\/><\/figure>\n<\/figure>\n\n\n\n<figure class=\"wp-block-gallery has-nested-images columns-default is-cropped wp-block-gallery-2 is-layout-flex wp-block-gallery-is-layout-flex\">\n<figure class=\"wp-block-image size-large\"><img loading=\"lazy\" decoding=\"async\" width=\"3264\" height=\"2448\" data-id=\"548\" src=\"http:\/\/dominiquejorge.fr\/wp-content\/uploads\/2022\/05\/20220505_180054.jpg\" alt=\"\" class=\"wp-image-548\"\/><\/figure>\n\n\n\n<figure class=\"wp-block-image size-large\"><img loading=\"lazy\" decoding=\"async\" width=\"4000\" height=\"3000\" data-id=\"549\" src=\"http:\/\/dominiquejorge.fr\/wp-content\/uploads\/2022\/05\/20220505_181502.jpg\" alt=\"\" class=\"wp-image-549\"\/><\/figure>\n<\/figure>\n\n\n\n<div style=\"height:46px\" aria-hidden=\"true\" class=\"wp-block-spacer\"><\/div>\n\n\n\n<figure class=\"wp-block-gallery has-nested-images columns-default is-cropped wp-block-gallery-3 is-layout-flex wp-block-gallery-is-layout-flex\">\n<figure class=\"wp-block-image size-large\"><img loading=\"lazy\" decoding=\"async\" width=\"3333\" height=\"5000\" data-id=\"627\" src=\"http:\/\/dominiquejorge.fr\/wp-content\/uploads\/2022\/11\/DSC1653-bis.jpg\" alt=\"\" class=\"wp-image-627\"\/><\/figure>\n\n\n\n<figure class=\"wp-block-image size-large\"><img loading=\"lazy\" decoding=\"async\" width=\"4000\" height=\"4000\" data-id=\"628\" src=\"http:\/\/dominiquejorge.fr\/wp-content\/uploads\/2022\/11\/DSC1655.jpg\" alt=\"\" class=\"wp-image-628\"\/><\/figure>\n\n\n\n<figure class=\"wp-block-image size-large\"><img loading=\"lazy\" decoding=\"async\" width=\"5000\" height=\"3333\" data-id=\"629\" src=\"http:\/\/dominiquejorge.fr\/wp-content\/uploads\/2022\/11\/DSC1658.jpg\" alt=\"\" class=\"wp-image-629\"\/><\/figure>\n\n\n\n<figure class=\"wp-block-image size-large\"><img loading=\"lazy\" decoding=\"async\" width=\"5000\" height=\"3333\" data-id=\"631\" src=\"http:\/\/dominiquejorge.fr\/wp-content\/uploads\/2022\/11\/DSC1681-bis.jpg\" alt=\"\" class=\"wp-image-631\"\/><\/figure>\n\n\n\n<figure class=\"wp-block-image size-large\"><img loading=\"lazy\" decoding=\"async\" width=\"3333\" height=\"5000\" data-id=\"632\" src=\"http:\/\/dominiquejorge.fr\/wp-content\/uploads\/2022\/11\/DSC1688.jpg\" alt=\"\" class=\"wp-image-632\"\/><\/figure>\n\n\n\n<figure class=\"wp-block-image size-large\"><img loading=\"lazy\" decoding=\"async\" width=\"4000\" height=\"2664\" data-id=\"633\" src=\"http:\/\/dominiquejorge.fr\/wp-content\/uploads\/2022\/11\/IMG_7118-bis.jpg\" alt=\"\" class=\"wp-image-633\"\/><\/figure>\n\n\n\n<figure class=\"wp-block-image size-large\"><img loading=\"lazy\" decoding=\"async\" width=\"4000\" height=\"2664\" data-id=\"634\" src=\"http:\/\/dominiquejorge.fr\/wp-content\/uploads\/2022\/11\/IMG_7137-bis.jpg\" alt=\"\" class=\"wp-image-634\"\/><\/figure>\n<\/figure>\n\n\n\n<p class=\"has-text-align-right has-small-font-size\">Merci \u00e0 Jean-No\u00ebl Sirot pour les photos live<\/p>\n\n\n\n<div style=\"height:39px\" aria-hidden=\"true\" class=\"wp-block-spacer\"><\/div>\n\n\n\n<p class=\"has-medium-font-size\">&gt; Vid\u00e9os<\/p>\n\n\n\n<figure class=\"wp-block-embed is-type-video is-provider-youtube wp-block-embed-youtube wp-embed-aspect-16-9 wp-has-aspect-ratio\"><div class=\"wp-block-embed__wrapper\">\n<iframe loading=\"lazy\" title=\"Concert D0III - 07\/09\/24\" width=\"760\" height=\"428\" src=\"https:\/\/www.youtube.com\/embed\/4hVeiKqk7UQ?feature=oembed\" frameborder=\"0\" allow=\"accelerometer; autoplay; clipboard-write; encrypted-media; gyroscope; picture-in-picture; web-share\" referrerpolicy=\"strict-origin-when-cross-origin\" allowfullscreen><\/iframe>\n<\/div><figcaption class=\"wp-element-caption\">Extraits de concert 1<\/figcaption><\/figure>\n\n\n\n<div style=\"height:36px\" aria-hidden=\"true\" class=\"wp-block-spacer\"><\/div>\n\n\n\n<figure class=\"wp-block-video\"><video controls src=\"http:\/\/dominiquejorge.fr\/wp-content\/uploads\/2022\/11\/Extrait-concert.mp4\"><\/video><figcaption class=\"wp-element-caption\">Extrait de concert 2<\/figcaption><\/figure>\n","protected":false},"excerpt":{"rendered":"<p>&gt; Quelques photos Merci \u00e0 Jean-No\u00ebl Sirot pour les photos live &gt; Vid\u00e9os<\/p>\n","protected":false},"author":1,"featured_media":0,"parent":0,"menu_order":0,"comment_status":"closed","ping_status":"closed","template":"","meta":{"footnotes":""},"class_list":["post-375","page","type-page","status-publish","hentry"],"_links":{"self":[{"href":"https:\/\/dominiquejorge.fr\/index.php\/wp-json\/wp\/v2\/pages\/375","targetHints":{"allow":["GET"]}}],"collection":[{"href":"https:\/\/dominiquejorge.fr\/index.php\/wp-json\/wp\/v2\/pages"}],"about":[{"href":"https:\/\/dominiquejorge.fr\/index.php\/wp-json\/wp\/v2\/types\/page"}],"author":[{"embeddable":true,"href":"https:\/\/dominiquejorge.fr\/index.php\/wp-json\/wp\/v2\/users\/1"}],"replies":[{"embeddable":true,"href":"https:\/\/dominiquejorge.fr\/index.php\/wp-json\/wp\/v2\/comments?post=375"}],"version-history":[{"count":18,"href":"https:\/\/dominiquejorge.fr\/index.php\/wp-json\/wp\/v2\/pages\/375\/revisions"}],"predecessor-version":[{"id":725,"href":"https:\/\/dominiquejorge.fr\/index.php\/wp-json\/wp\/v2\/pages\/375\/revisions\/725"}],"wp:attachment":[{"href":"https:\/\/dominiquejorge.fr\/index.php\/wp-json\/wp\/v2\/media?parent=375"}],"curies":[{"name":"wp","href":"https:\/\/api.w.org\/{rel}","templated":true}]}}