{"id":17,"date":"2016-08-12T10:55:43","date_gmt":"2016-08-12T08:55:43","guid":{"rendered":"http:\/\/dominiquejorge.fr\/?page_id=17"},"modified":"2024-12-02T17:50:44","modified_gmt":"2024-12-02T16:50:44","slug":"a-propos","status":"publish","type":"page","link":"https:\/\/dominiquejorge.fr\/index.php\/a-propos\/","title":{"rendered":"Le son et la plume"},"content":{"rendered":"\n<div style=\"height:50px\" aria-hidden=\"true\" class=\"wp-block-spacer\"><\/div>\n\n\n\n<h1 class=\"wp-block-heading\">&lt; La musique &gt;<\/h1>\n\n\n\n<div style=\"height:25px\" aria-hidden=\"true\" class=\"wp-block-spacer\"><\/div>\n\n\n\n<figure class=\"wp-block-image size-large\"><img loading=\"lazy\" decoding=\"async\" width=\"1024\" height=\"200\" src=\"http:\/\/dominiquejorge.fr\/wp-content\/uploads\/2021\/04\/Kbd-1024x220-1.jpg\" alt=\"\" class=\"wp-image-388\"\/><\/figure>\n\n\n\n<p>N\u00e9 \u00e0 REIMS en 1963, je suis tomb\u00e9 dans la musique, puis dans les synth\u00e9s et tr\u00e8s t\u00f4t, dans l&rsquo;informatique musicale.<br>A ce titre, j&rsquo;ai travers\u00e9 diverses exp\u00e9riences&#8230;<\/p>\n\n\n\n<h5 class=\"wp-block-heading\">&gt; les 80&rsquo;s <\/h5>\n\n\n\n<p>&#8211; membre fondateur du groupe de rock progressif <strong><mark style=\"background-color:rgba(0, 0, 0, 0)\" class=\"has-inline-color has-vivid-red-color\">ASPHYXIE <\/mark><\/strong>(influences :&nbsp;Ange, Pink Floyd, Barclay James Harvest) &#8211;&gt; <a rel=\"noreferrer noopener\" href=\"http:\/\/reimspunknroll.free.fr\/past_eighties.htm#an3\" target=\"_blank\">on cause de nous ici<\/a><br>&#8211; puis cr\u00e9ation de <strong><mark style=\"background-color:rgba(0, 0, 0, 0)\" class=\"has-inline-color has-vivid-red-color\">LEGITIME DEMENCE<\/mark><\/strong> avec Benoit SCHERR : <em>\u00ab\u00a0\u00e0 cet \u00e9gard, nous \u00e9tions vraiment des pr\u00e9curseurs sur les toutes premi\u00e8res machines qui pilotaient des synth\u00e9tiseurs, bien avant les Atari, Mac et autres PC !\u00a0\u00bb<\/em><br>&#8211; enfin, travail en <mark style=\"background-color:rgba(0, 0, 0, 0)\" class=\"has-inline-color has-vivid-red-color\"><strong>SOLO<\/strong> <\/mark>sur deux albums instrumentaux (<strong>Synth\u00e9sis 1<\/strong> et <strong>Synth\u00e9sis 2<\/strong> &gt; \u00e9coutables <a rel=\"noreferrer noopener\" href=\"https:\/\/www.jamendo.com\/album\/181896\/synthesis-1\" target=\"_blank\">ici <\/a>et <a rel=\"noreferrer noopener\" href=\"https:\/\/www.jamendo.com\/album\/181897\/synthesis-2\" target=\"_blank\">l\u00e0<\/a>) qui seront pr\u00e9sent\u00e9s sur sc\u00e8ne.<br>En parall\u00e8le, je produis de la musique pour des reportages d&rsquo;entreprise et travaille avec une troupe de danse moderne&#8230;<\/p>\n\n\n\n<h5 class=\"wp-block-heading\">&gt; les 90&rsquo;s :<\/h5>\n\n\n\n<p>Suite \u00e0 ma rencontre avec Emmanuel VILLIE, nous cr\u00e9ons ensemble la Compagnie <strong><span class=\"has-inline-color has-vivid-red-color\">ECOUTEZ VOIR<\/span><\/strong> (1991) avec pour objectif de monter des spectacles musicaux pour enfants (le site n&rsquo;est plus maintenu mais il est conserv\u00e9 pour le souvenir &gt; les arch\u00e9ologues, c&rsquo;est par <a rel=\"noreferrer noopener\" href=\"http:\/\/www.ecoutezvoir.org\" target=\"_blank\">ici<\/a> !).<br>L&rsquo;exp\u00e9rience prend corps sur sc\u00e8ne d\u00e9but 1992 et elle produira trois spectacles, dont deux originaux :<br>&#8211; <strong>Les M\u00e9moires d&rsquo;un Cartable<\/strong> : <a rel=\"noreferrer noopener\" href=\"https:\/\/www.jamendo.com\/album\/139534\/les-memoires-d-un-cartable\" target=\"_blank\">en \u00e9coute ici<\/a><br>&#8211; <strong>Au dos de la Carte Postale<\/strong> : <a rel=\"noreferrer noopener\" href=\"https:\/\/www.jamendo.com\/album\/139567\/au-dos-de-la-carte-postale\" target=\"_blank\">en \u00e9coute l\u00e0<\/a><br>En une quinzaine d&rsquo;ann\u00e9es d&rsquo;existence, ce sont plus de 20.000 t\u00eates blondes qui seront venues nous voir sur sc\u00e8ne !<\/p>\n\n\n\n<h5 class=\"wp-block-heading\">&gt; le Nouveau mill\u00e9naire<\/h5>\n\n\n\n<p>La production \u00e9lectro fran\u00e7aise prend un essor extraordinaire !<br>C&rsquo;est dans ce contexte que je continue de composer de la musique :<br>&#8211; tout d&rsquo;abord, un album \u00e0 caract\u00e8re plut\u00f4t techno\u00efde <strong>\u00ab\u00a0Electro Land\u00a0\u00bb<\/strong> : <a rel=\"noreferrer noopener\" href=\"https:\/\/www.jamendo.com\/album\/71607\/electro-land\" target=\"_blank\">en \u00e9coute ici<\/a><br>&#8211; avant de relever le d\u00e9fi de sortir un LP uniquement compos\u00e9 sur iPhone : <strong>\u00ab\u00a0Electro Phone\u00a0\u00bb<\/strong> : <a rel=\"noreferrer noopener\" href=\"https:\/\/www.jamendo.com\/album\/177884\/electro-phone\" target=\"_blank\">en \u00e9coute l\u00e0<\/a><\/p>\n\n\n\n<blockquote class=\"wp-block-quote is-layout-flow wp-block-quote-is-layout-flow\"><p>Mu par le d\u00e9sir de remonter sur sc\u00e8ne avec des sons plus actuels, je me lance fin 2020 dans la composition d&rsquo;un r\u00e9pertoire totalement nouveau !<br>Parsem\u00e9 de guitare \u00e9lectrique et de vocoder, il est pr\u00e9sent\u00e9 au public depuis juin 2022&#8230;<\/p><\/blockquote>\n\n\n\n<p>&#8211; l&rsquo;album <strong>\u00ab\u00a0Leap into the void\u00a0\u00bb<\/strong> est <a rel=\"noreferrer noopener\" href=\"https:\/\/www.jamendo.com\/album\/499962\/d-o-iii\" target=\"_blank\">en \u00e9coute ici<\/a><\/p>\n\n\n\n<div style=\"height:141px\" aria-hidden=\"true\" class=\"wp-block-spacer\"><\/div>\n\n\n\n<h1 class=\"wp-block-heading\">&lt; et puis l&rsquo;\u00e9criture &gt;<\/h1>\n\n\n\n<div style=\"height:25px\" aria-hidden=\"true\" class=\"wp-block-spacer\"><\/div>\n\n\n\n<figure class=\"wp-block-image size-large\"><img loading=\"lazy\" decoding=\"async\" width=\"1024\" height=\"220\" src=\"http:\/\/dominiquejorge.fr\/wp-content\/uploads\/2021\/04\/Book-1024x220-1.jpg\" alt=\"\" class=\"wp-image-389\"\/><\/figure>\n\n\n\n<p>Pendant les ann\u00e9es 2000, alors que je travaille dans le milieu de la communication, l&rsquo;\u00e9criture que je n&rsquo;avais pratiqu\u00e9 qu&rsquo;\u00e0 travers la cr\u00e9ation de textes de chansons, commence s\u00e9rieusement \u00e0 me gratouiller.<br><br>Par ailleurs tr\u00e8s marqu\u00e9 par l&rsquo;\u0153uvre de Stephen King, je franchis alors le pas avec un recueil de nouvelles r\u00e9adaptant pour les enfants certains th\u00e8mes fantastiques classiques&#8230; afin de les lire aux miens au moment de les coucher.<br>Devenu un livre, <strong><mark style=\"background-color:rgba(0, 0, 0, 0)\" class=\"has-inline-color has-vivid-red-color\">PUZZLE <\/mark><\/strong>para\u00eet enfin en octobre 2016 &#8211;&gt; <a href=\"https:\/\/dominiquejorge.fr\/index.php\/puzzle-est-paru\/\">on en parle ici<\/a>.<\/p>\n\n\n\n<p>Pour donner une continuit\u00e9 \u00e0 ce premier volume, j&rsquo;\u00e9cris actuellement un <a href=\"https:\/\/dominiquejorge.fr\/index.php\/travaux-decriture-en-cours\/\">nouveau <\/a>recueil de nouvelles, pour adultes cette fois-ci.<\/p>\n","protected":false},"excerpt":{"rendered":"<p>&lt; La musique &gt; N\u00e9 \u00e0 REIMS en 1963, je suis tomb\u00e9 dans la musique, puis dans les synth\u00e9s et tr\u00e8s t\u00f4t, dans l&rsquo;informatique musicale.A ce titre, j&rsquo;ai travers\u00e9 diverses exp\u00e9riences&#8230; &gt; les 80&rsquo;s &#8211; membre fondateur du groupe de rock progressif ASPHYXIE (influences :&nbsp;Ange, Pink Floyd, Barclay James Harvest) &#8211;&gt; on cause de nous &hellip; <\/p>\n<p class=\"link-more\"><a href=\"https:\/\/dominiquejorge.fr\/index.php\/a-propos\/\" class=\"more-link\">Continue reading<span class=\"screen-reader-text\"> \u00ab\u00a0Le son et la plume\u00a0\u00bb<\/span><\/a><\/p>\n","protected":false},"author":1,"featured_media":0,"parent":0,"menu_order":0,"comment_status":"closed","ping_status":"closed","template":"","meta":{"footnotes":""},"class_list":["post-17","page","type-page","status-publish","hentry"],"_links":{"self":[{"href":"https:\/\/dominiquejorge.fr\/index.php\/wp-json\/wp\/v2\/pages\/17","targetHints":{"allow":["GET"]}}],"collection":[{"href":"https:\/\/dominiquejorge.fr\/index.php\/wp-json\/wp\/v2\/pages"}],"about":[{"href":"https:\/\/dominiquejorge.fr\/index.php\/wp-json\/wp\/v2\/types\/page"}],"author":[{"embeddable":true,"href":"https:\/\/dominiquejorge.fr\/index.php\/wp-json\/wp\/v2\/users\/1"}],"replies":[{"embeddable":true,"href":"https:\/\/dominiquejorge.fr\/index.php\/wp-json\/wp\/v2\/comments?post=17"}],"version-history":[{"count":73,"href":"https:\/\/dominiquejorge.fr\/index.php\/wp-json\/wp\/v2\/pages\/17\/revisions"}],"predecessor-version":[{"id":703,"href":"https:\/\/dominiquejorge.fr\/index.php\/wp-json\/wp\/v2\/pages\/17\/revisions\/703"}],"wp:attachment":[{"href":"https:\/\/dominiquejorge.fr\/index.php\/wp-json\/wp\/v2\/media?parent=17"}],"curies":[{"name":"wp","href":"https:\/\/api.w.org\/{rel}","templated":true}]}}