{"id":113,"date":"2016-09-26T11:55:29","date_gmt":"2016-09-26T09:55:29","guid":{"rendered":"http:\/\/dominiquejorge.fr\/?page_id=113"},"modified":"2023-01-30T17:12:18","modified_gmt":"2023-01-30T16:12:18","slug":"compositions-en-cours","status":"publish","type":"page","link":"https:\/\/dominiquejorge.fr\/index.php\/compositions-en-cours\/","title":{"rendered":"Le set actuel"},"content":{"rendered":"\n<p>Ce que vous allez retrouver sur sc\u00e8ne !<\/p>\n\n\n\n<figure class=\"wp-block-image size-large\"><img loading=\"lazy\" decoding=\"async\" width=\"1024\" height=\"312\" src=\"http:\/\/dominiquejorge.fr\/wp-content\/uploads\/2021\/04\/Home-Studio-bandeau.jpg\" alt=\"\" class=\"wp-image-454\"\/><\/figure>\n\n\n\n<p>R\u00e9sultat d&rsquo;un travail initi\u00e9 fin 2020, le set actuel est d&rsquo;environ 60 minutes. Il correspond \u00e0 l&rsquo;\u00e9quivalent d&rsquo;un gros album que l&rsquo;on peut trouver sur le site de <a rel=\"noreferrer noopener\" href=\"https:\/\/www.jamendo.com\/album\/499962\/d-o-iii\" target=\"_blank\">Jamendo Music<\/a>, l&rsquo;un des principaux sites de diffusion des musiciens ind\u00e9pendants.<br>C&rsquo;est ce format que je produit actuellement en live&#8230;<\/p>\n\n\n\n<p>Fid\u00e8le \u00e0 mes influences \u00ab\u00a0\u00e9lectro-progressives\u00a0\u00bb, j&rsquo;ai souhait\u00e9 travailler les ambiances afin d&rsquo;offrir des morceaux <strong>contrast\u00e9s<\/strong>, aux constructions <strong>\u00e9volutives<\/strong>  et qui soient toujours <strong>riches en mati\u00e8res sonores<\/strong>. J&rsquo;ai pu r\u00e9aliser cet objectif en cr\u00e9ant notamment des univers qui mixent les <strong>sons actuels<\/strong> aux <strong>r\u00e9miniscences analogiques<\/strong> de nos bons vieux synth\u00e9s historiques.<\/p>\n\n\n\n<div style=\"height:26px\" aria-hidden=\"true\" class=\"wp-block-spacer\"><\/div>\n\n\n\n<p>QUI EST     <strong>&lt;   O   III<\/strong>     ?<\/p>\n\n\n\n<p>C\u2019est mon identit\u00e9 graphique sur sc\u00e8ne, symbolis\u00e9e par les trois boutons de navigation Android qu\u2019on peut aussi lire \u00ab DOM \u00bb.<\/p>\n\n\n\n<div class=\"wp-block-columns is-layout-flex wp-container-core-columns-is-layout-9d6595d7 wp-block-columns-is-layout-flex\">\n<div class=\"wp-block-column is-layout-flow wp-block-column-is-layout-flow\" style=\"flex-basis:33.33%\">\n<div class=\"wp-block-image\"><figure class=\"aligncenter size-full is-resized\"><img loading=\"lazy\" decoding=\"async\" src=\"http:\/\/dominiquejorge.fr\/wp-content\/uploads\/2022\/10\/Logo-Dom.jpg\" alt=\"\" class=\"wp-image-597\" width=\"225\" height=\"225\"\/><\/figure><\/div>\n<\/div>\n\n\n\n<div class=\"wp-block-column is-layout-flow wp-block-column-is-layout-flow\" style=\"flex-basis:66.66%\">\n<div style=\"height:36px\" aria-hidden=\"true\" class=\"wp-block-spacer\"><\/div>\n\n\n\n<p>A cet \u00e9gard, vous trouverez (ou pas) d&rsquo;autres niveau de lecture et de significations dans mon logo que je vous laisse interpr\u00e9ter en fonction de ce que vous pensez y voir&#8230;<\/p>\n<\/div>\n<\/div>\n\n\n\n<p>Il figure sur la pochette de mon dernier album <a href=\"https:\/\/dominiquejorge.fr\/index.php\/artwork\/\">\u00ab\u00a0Leap Into The Void\u00a0\u00bb<\/a><\/p>\n\n\n\n<div style=\"height:26px\" aria-hidden=\"true\" class=\"wp-block-spacer\"><\/div>\n\n\n\n<p>ET ON EN DIT QUOI ?<\/p>\n\n\n\n<p style=\"font-size:15px\">\u00ab\u00a0<em>J\u2019ai vraiment aim\u00e9 ce concert, et ma sensibilit\u00e9 \u00ab&nbsp;rock progressif&nbsp;\u00bb a \u00e9t\u00e9 servie : les morceaux sont tr\u00e8s construits, longs, \u00e9vocateurs et surtout \u00e9volutifs. Ils commencent parfois sur un rien et peuvent se terminer dans des envol\u00e9es lyriques particuli\u00e8rement riches et complexes.<br>L\u2019\u00e9lectro instrumentale de Dominique, qu\u2019elle soit planante ou plus rythm\u00e9e, vous emporte toujours au cours de longues chevauch\u00e9es envo\u00fbtantes. On sent qu\u2019elles racontent des histoires et sont construites pour faire ressentir des choses fortes.<\/em>\u00ab\u00a0<\/p>\n\n\n\n<p class=\"has-text-align-right has-small-font-size\">PHILIPPE<\/p>\n\n\n\n<hr class=\"wp-block-separator\"\/>\n\n\n\n<p style=\"font-size:15px\">\u00ab\u00a0<em>Les compositions de Dominique sont comme des tableaux musicaux dans lesquels tous les \u00e9l\u00e9ments s&rsquo;imbriquent, s&rsquo;enchev\u00eatrent, se compl\u00e8tent pour donner une agr\u00e9able sensation de pl\u00e9nitude et d&rsquo;\u00e9quilibre qui envo\u00fbte et invite au voyage. Et c&rsquo;est \u00e0 ce moment que la magie op\u00e8re car on embarque soi-m\u00eame comme sur un navire, emport\u00e9 dans les m\u00e9andres d&rsquo;une m\u00e9lodie qui se m\u00e9tamorphose parfois en large fleuve majestueux, parfois en torrent rapide et imp\u00e9tueux. Et ces voyages sont multiples, c&rsquo;est l\u00e0 la particularit\u00e9 et la force de la pi\u00e8ce instrumental, faire participer l&rsquo;auditeur \u00e0 la cr\u00e9ation de son propre parcours qui s&rsquo;ach\u00e8ve souvent trop t\u00f4t, quand sonne la derni\u00e8re note, le dernier accord. Mais l&rsquo;\u00e9cho, qui continue de r\u00e9sonner dans notre t\u00eate, prolonge pour quelques instants encore ce plaisir qu&rsquo;on savoure jusqu&rsquo;\u00e0 la derni\u00e8re goutte.<\/em>\u00ab\u00a0<\/p>\n\n\n\n<p class=\"has-text-align-right has-small-font-size\">ERIC<\/p>\n\n\n\n<hr class=\"wp-block-separator\"\/>\n\n\n\n<p style=\"font-size:15px\">\u00ab\u00a0<em>La musique que Dominique produit nous replonge parfois dans une nostalgie des ann\u00e9es 80s avec ses synth\u00e9s rappelant cette p\u00e9riode, mais elle d\u00e9gage \u00e9galement une douceur et un univers profond et sensible qui lui sont<br>propres dans des moments plus suspendus dans le temps qui ont pu me laisser bouche-b\u00e9e \u00e0 la fin de certains morceaux. Avec des pointes d&rsquo;\u00e9lectronique, Dominique incorpore une touche de modernit\u00e9 \u00e0 travers ses compositions instrumentales, ce qui lui permet de revisiter \u00e0 sa mani\u00e8re la musique de son c\u0153ur.<\/em>\u00ab\u00a0<\/p>\n\n\n\n<p class=\"has-text-align-right has-small-font-size\">ANTOINE<\/p>\n","protected":false},"excerpt":{"rendered":"<p>Ce que vous allez retrouver sur sc\u00e8ne ! R\u00e9sultat d&rsquo;un travail initi\u00e9 fin 2020, le set actuel est d&rsquo;environ 60 minutes. Il correspond \u00e0 l&rsquo;\u00e9quivalent d&rsquo;un gros album que l&rsquo;on peut trouver sur le site de Jamendo Music, l&rsquo;un des principaux sites de diffusion des musiciens ind\u00e9pendants.C&rsquo;est ce format que je produit actuellement en live&#8230; &hellip; <\/p>\n<p class=\"link-more\"><a href=\"https:\/\/dominiquejorge.fr\/index.php\/compositions-en-cours\/\" class=\"more-link\">Continue reading<span class=\"screen-reader-text\"> \u00ab\u00a0Le set actuel\u00a0\u00bb<\/span><\/a><\/p>\n","protected":false},"author":1,"featured_media":0,"parent":0,"menu_order":0,"comment_status":"closed","ping_status":"closed","template":"","meta":{"footnotes":""},"class_list":["post-113","page","type-page","status-publish","hentry"],"_links":{"self":[{"href":"https:\/\/dominiquejorge.fr\/index.php\/wp-json\/wp\/v2\/pages\/113","targetHints":{"allow":["GET"]}}],"collection":[{"href":"https:\/\/dominiquejorge.fr\/index.php\/wp-json\/wp\/v2\/pages"}],"about":[{"href":"https:\/\/dominiquejorge.fr\/index.php\/wp-json\/wp\/v2\/types\/page"}],"author":[{"embeddable":true,"href":"https:\/\/dominiquejorge.fr\/index.php\/wp-json\/wp\/v2\/users\/1"}],"replies":[{"embeddable":true,"href":"https:\/\/dominiquejorge.fr\/index.php\/wp-json\/wp\/v2\/comments?post=113"}],"version-history":[{"count":30,"href":"https:\/\/dominiquejorge.fr\/index.php\/wp-json\/wp\/v2\/pages\/113\/revisions"}],"predecessor-version":[{"id":689,"href":"https:\/\/dominiquejorge.fr\/index.php\/wp-json\/wp\/v2\/pages\/113\/revisions\/689"}],"wp:attachment":[{"href":"https:\/\/dominiquejorge.fr\/index.php\/wp-json\/wp\/v2\/media?parent=113"}],"curies":[{"name":"wp","href":"https:\/\/api.w.org\/{rel}","templated":true}]}}