{"id":110,"date":"2016-09-26T11:38:59","date_gmt":"2016-09-26T09:38:59","guid":{"rendered":"http:\/\/dominiquejorge.fr\/?page_id=110"},"modified":"2023-01-30T17:21:13","modified_gmt":"2023-01-30T16:21:13","slug":"travaux-decriture-en-cours","status":"publish","type":"page","link":"https:\/\/dominiquejorge.fr\/index.php\/travaux-decriture-en-cours\/","title":{"rendered":"Travaux d&rsquo;\u00e9criture en cours"},"content":{"rendered":"\n<p>Maintenant que le premier bouquin est \u00e9dit\u00e9, un nouveau projet est en train de na\u00eetre.<\/p>\n\n\n\n<figure class=\"wp-block-image size-large\"><img loading=\"lazy\" decoding=\"async\" width=\"1024\" height=\"312\" src=\"http:\/\/dominiquejorge.fr\/wp-content\/uploads\/2021\/04\/Stylo-bandeau.jpg\" alt=\"\" class=\"wp-image-458\"\/><\/figure>\n\n\n\n<p>Apr\u00e8s avoir accouch\u00e9 de quoi me lancer dans l&rsquo;\u00e9criture d&rsquo;un thriller (recherches, cr\u00e9ation des personnages, synopsis complet et chapitrage) j&rsquo;en ai commenc\u00e9 l&rsquo;\u00e9criture, notamment par le bouclage rapide du premier chapitre, construit de telle mani\u00e8re \u00e0 donner au lecteur l&rsquo;effet d&rsquo;un uppercut.<br>Cependant, la sensation d&rsquo;\u00eatre pilot\u00e9 tout du long de l&rsquo;\u00e9criture par un plan pr\u00e9\u00e9tabli m&rsquo;est rapidement apparue fort peu passionnante. En fait, j&rsquo;aime r\u00e9ellement l&rsquo;id\u00e9e de partir d&rsquo;un concept de base et \u00e9crire sans savoir o\u00f9 l&rsquo;histoire va me mener. Cette exp\u00e9rience g\u00e9niale d\u00e9couverte sur mes premiers travaux d&rsquo;\u00e9critures m&rsquo;a souvent port\u00e9 vers des fins que je n&rsquo;avais pas imagin\u00e9es du tout. <\/p>\n\n\n\n<p>De fait, je pense que seules les nouvelles peuvent me permettre \u00e7a. Alors, je suis revenu \u00e0 mes premi\u00e8res amours, les histoires courtes, d&rsquo;autant que j&rsquo;avais d\u00e9j\u00e0 de nombreuses id\u00e9es en stock.<br>J&rsquo;ai donc commenc\u00e9 par retravailler le premier chapitre de mon d\u00e9funt roman afin qu&rsquo;il devienne la premi\u00e8re histoire de mon nouveau recueil, et le reste a suivi !<\/p>\n\n\n\n<p>Maintenant, que dire de ce travail en cours ? En fait, j&rsquo;aimerais bien r\u00e9ussir \u00e0 surprendre le lecteur et l&rsquo;amener \u00e0 ne trouver la r\u00e9v\u00e9lation de ce qu&rsquo;il lit<strong> que dans les derniers mots de chaque nouvelle<\/strong>. Je ne sais pas si je r\u00e9ussirais \u00e0 relever ce d\u00e9fi \u00e0 chaque fois, mais je vais m&rsquo;y efforcer&#8230;<\/p>\n","protected":false},"excerpt":{"rendered":"<p>Maintenant que le premier bouquin est \u00e9dit\u00e9, un nouveau projet est en train de na\u00eetre. Apr\u00e8s avoir accouch\u00e9 de quoi me lancer dans l&rsquo;\u00e9criture d&rsquo;un thriller (recherches, cr\u00e9ation des personnages, synopsis complet et chapitrage) j&rsquo;en ai commenc\u00e9 l&rsquo;\u00e9criture, notamment par le bouclage rapide du premier chapitre, construit de telle mani\u00e8re \u00e0 donner au lecteur l&rsquo;effet &hellip; <\/p>\n<p class=\"link-more\"><a href=\"https:\/\/dominiquejorge.fr\/index.php\/travaux-decriture-en-cours\/\" class=\"more-link\">Continue reading<span class=\"screen-reader-text\"> \u00ab\u00a0Travaux d&rsquo;\u00e9criture en cours\u00a0\u00bb<\/span><\/a><\/p>\n","protected":false},"author":1,"featured_media":0,"parent":0,"menu_order":0,"comment_status":"closed","ping_status":"closed","template":"","meta":{"footnotes":""},"class_list":["post-110","page","type-page","status-publish","hentry"],"_links":{"self":[{"href":"https:\/\/dominiquejorge.fr\/index.php\/wp-json\/wp\/v2\/pages\/110","targetHints":{"allow":["GET"]}}],"collection":[{"href":"https:\/\/dominiquejorge.fr\/index.php\/wp-json\/wp\/v2\/pages"}],"about":[{"href":"https:\/\/dominiquejorge.fr\/index.php\/wp-json\/wp\/v2\/types\/page"}],"author":[{"embeddable":true,"href":"https:\/\/dominiquejorge.fr\/index.php\/wp-json\/wp\/v2\/users\/1"}],"replies":[{"embeddable":true,"href":"https:\/\/dominiquejorge.fr\/index.php\/wp-json\/wp\/v2\/comments?post=110"}],"version-history":[{"count":26,"href":"https:\/\/dominiquejorge.fr\/index.php\/wp-json\/wp\/v2\/pages\/110\/revisions"}],"predecessor-version":[{"id":692,"href":"https:\/\/dominiquejorge.fr\/index.php\/wp-json\/wp\/v2\/pages\/110\/revisions\/692"}],"wp:attachment":[{"href":"https:\/\/dominiquejorge.fr\/index.php\/wp-json\/wp\/v2\/media?parent=110"}],"curies":[{"name":"wp","href":"https:\/\/api.w.org\/{rel}","templated":true}]}}